{"id":193,"date":"2022-02-22T09:45:11","date_gmt":"2022-02-22T08:45:11","guid":{"rendered":"http:\/\/www.creactiv-graphisme.com\/Wordpress\/?page_id=193"},"modified":"2023-10-10T22:56:31","modified_gmt":"2023-10-10T20:56:31","slug":"presentation","status":"publish","type":"page","link":"https:\/\/creactiv-graphisme.com\/index.php\/presentation\/","title":{"rendered":"Pr\u00e9sentation"},"content":{"rendered":"\t\t<div data-elementor-type=\"wp-page\" data-elementor-id=\"193\" class=\"elementor elementor-193\">\n\t\t\t\t\t\t\t\t\t<section class=\"elementor-section elementor-top-section elementor-element elementor-element-6888ca2 elementor-section-boxed elementor-section-height-default elementor-section-height-default\" data-id=\"6888ca2\" data-element_type=\"section\">\n\t\t\t\t\t\t<div class=\"elementor-container elementor-column-gap-default\">\n\t\t\t\t\t<div class=\"elementor-column elementor-col-100 elementor-top-column elementor-element elementor-element-88676ac\" data-id=\"88676ac\" data-element_type=\"column\">\n\t\t\t<div class=\"elementor-widget-wrap elementor-element-populated\">\n\t\t\t\t\t\t\t\t<div class=\"elementor-element elementor-element-29191b7 elementor-align-left elementor-widget elementor-widget-button\" data-id=\"29191b7\" data-element_type=\"widget\" data-widget_type=\"button.default\">\n\t\t\t\t<div class=\"elementor-widget-container\">\n\t\t\t\t\t<div class=\"elementor-button-wrapper\">\n\t\t\t<a class=\"elementor-button elementor-button-link elementor-size-sm elementor-animation-grow\" href=\"https:\/\/www.creactiv-graphisme.com\">\n\t\t\t\t\t\t<span class=\"elementor-button-content-wrapper\">\n\t\t\t\t\t\t<span class=\"elementor-button-icon elementor-align-icon-left\">\n\t\t\t\t<i aria-hidden=\"true\" class=\"fas fa-angle-left\"><\/i>\t\t\t<\/span>\n\t\t\t\t\t\t<span class=\"elementor-button-text\">Accueil Cr\u00e9Activ Graphisme<\/span>\n\t\t<\/span>\n\t\t\t\t\t<\/a>\n\t\t<\/div>\n\t\t\t\t<\/div>\n\t\t\t\t<\/div>\n\t\t\t\t\t<\/div>\n\t\t<\/div>\n\t\t\t\t\t\t\t<\/div>\n\t\t<\/section>\n\t\t\t\t<section class=\"elementor-section elementor-top-section elementor-element elementor-element-7fb8c819 elementor-section-boxed elementor-section-height-default elementor-section-height-default\" data-id=\"7fb8c819\" data-element_type=\"section\" data-settings=\"{&quot;animation&quot;:&quot;none&quot;,&quot;animation_delay&quot;:0,&quot;animation_mobile&quot;:&quot;none&quot;}\">\n\t\t\t\t\t\t<div class=\"elementor-container elementor-column-gap-no\">\n\t\t\t\t\t<div class=\"elementor-column elementor-col-50 elementor-top-column elementor-element elementor-element-70e5c522\" data-id=\"70e5c522\" data-element_type=\"column\">\n\t\t\t<div class=\"elementor-widget-wrap elementor-element-populated\">\n\t\t\t\t\t\t\t\t<div class=\"elementor-element elementor-element-62c9837 elementor-widget elementor-widget-image\" data-id=\"62c9837\" data-element_type=\"widget\" data-widget_type=\"image.default\">\n\t\t\t\t<div class=\"elementor-widget-container\">\n\t\t\t<style>\/*! elementor - v3.16.0 - 09-10-2023 *\/\n.elementor-widget-image{text-align:center}.elementor-widget-image a{display:inline-block}.elementor-widget-image a img[src$=\".svg\"]{width:48px}.elementor-widget-image img{vertical-align:middle;display:inline-block}<\/style>\t\t\t\t\t\t\t\t\t\t\t\t<img loading=\"lazy\" decoding=\"async\" width=\"185\" height=\"232\" src=\"https:\/\/creactiv-graphisme.com\/wp-content\/uploads\/2022\/03\/LOYER-Jose.png\" class=\"elementor-animation-shrink attachment-large size-large wp-image-1273\" alt=\"\" sizes=\"auto, 100vw\" \/>\t\t\t\t\t\t\t\t\t\t\t\t\t\t\t<\/div>\n\t\t\t\t<\/div>\n\t\t\t\t\t<\/div>\n\t\t<\/div>\n\t\t\t\t<div class=\"elementor-column elementor-col-50 elementor-top-column elementor-element elementor-element-20077801\" data-id=\"20077801\" data-element_type=\"column\">\n\t\t\t<div class=\"elementor-widget-wrap elementor-element-populated\">\n\t\t\t\t\t\t\t\t<div class=\"elementor-element elementor-element-12730fca e-transform elementor-widget elementor-widget-text-editor\" data-id=\"12730fca\" data-element_type=\"widget\" data-settings=\"{&quot;_animation&quot;:&quot;none&quot;,&quot;_transform_scale_effect&quot;:{&quot;unit&quot;:&quot;px&quot;,&quot;size&quot;:0.9,&quot;sizes&quot;:[]},&quot;_transform_scale_effect_tablet&quot;:{&quot;unit&quot;:&quot;px&quot;,&quot;size&quot;:&quot;&quot;,&quot;sizes&quot;:[]},&quot;_transform_scale_effect_mobile&quot;:{&quot;unit&quot;:&quot;px&quot;,&quot;size&quot;:&quot;&quot;,&quot;sizes&quot;:[]}}\" data-widget_type=\"text-editor.default\">\n\t\t\t\t<div class=\"elementor-widget-container\">\n\t\t\t<style>\/*! elementor - v3.16.0 - 09-10-2023 *\/\n.elementor-widget-text-editor.elementor-drop-cap-view-stacked .elementor-drop-cap{background-color:#69727d;color:#fff}.elementor-widget-text-editor.elementor-drop-cap-view-framed .elementor-drop-cap{color:#69727d;border:3px solid;background-color:transparent}.elementor-widget-text-editor:not(.elementor-drop-cap-view-default) .elementor-drop-cap{margin-top:8px}.elementor-widget-text-editor:not(.elementor-drop-cap-view-default) .elementor-drop-cap-letter{width:1em;height:1em}.elementor-widget-text-editor .elementor-drop-cap{float:left;text-align:center;line-height:1;font-size:50px}.elementor-widget-text-editor .elementor-drop-cap-letter{display:inline-block}<\/style>\t\t\t\t<p><strong>Jos\u00e9 Loyer, graphiste et cr\u00e9ateur publicitaire ind\u00e9pendant.<\/strong><\/p><p>Dessinateur passionn\u00e9, je r\u00e9alise notamment toute communication visuelle, informatique ou imprim\u00e9e\u00a0 (plaquettes, affiches, banderoles&#8230;)<\/p><p>Je cr\u00e9e \u00e0 la demande des logos, descriptifs, images de synth\u00e8se et ou 3Dimensions selon les besoins.<\/p><p>Je vous conseille d\u00e8s la cr\u00e9ation de votre <strong>\u00ab\u00a0charte graphique\u00a0\u00bb<\/strong>. C&rsquo;est-\u00e0-dire l&rsquo;ensemble des couleurs et caract\u00e9ristiques graphiques qui feront que l&rsquo;on reconnait votre structure au premier coup d&rsquo;oeil, tr\u00e8s importante <strong>pour vous faire conna\u00eetre et reconna\u00eetre rapidement<\/strong>, de fa\u00e7on positive.<\/p><p>Puis tout au long de la vie \u00e9conomique de votre structure, des supports de communication modernes et r\u00e9guli\u00e8rement renouvel\u00e9s\u00a0<b>entretiendront<\/b> une image dynamique.<\/p>\t\t\t\t\t\t<\/div>\n\t\t\t\t<\/div>\n\t\t\t\t\t<\/div>\n\t\t<\/div>\n\t\t\t\t\t\t\t<\/div>\n\t\t<\/section>\n\t\t\t\t<section class=\"elementor-section elementor-top-section elementor-element elementor-element-67be6d46 elementor-section-boxed elementor-section-height-default elementor-section-height-default\" data-id=\"67be6d46\" data-element_type=\"section\" data-settings=\"{&quot;animation&quot;:&quot;none&quot;,&quot;animation_delay&quot;:0,&quot;animation_mobile&quot;:&quot;none&quot;}\">\n\t\t\t\t\t\t<div class=\"elementor-container elementor-column-gap-no\">\n\t\t\t\t\t<div class=\"elementor-column elementor-col-50 elementor-top-column elementor-element elementor-element-2a8ed9fa\" data-id=\"2a8ed9fa\" data-element_type=\"column\">\n\t\t\t<div class=\"elementor-widget-wrap elementor-element-populated\">\n\t\t\t\t\t\t\t\t<div class=\"elementor-element elementor-element-417593b9 e-transform elementor-widget elementor-widget-text-editor\" data-id=\"417593b9\" data-element_type=\"widget\" data-settings=\"{&quot;_transform_scale_effect&quot;:{&quot;unit&quot;:&quot;px&quot;,&quot;size&quot;:0.9,&quot;sizes&quot;:[]},&quot;_transform_scale_effect_tablet&quot;:{&quot;unit&quot;:&quot;px&quot;,&quot;size&quot;:&quot;&quot;,&quot;sizes&quot;:[]},&quot;_transform_scale_effect_mobile&quot;:{&quot;unit&quot;:&quot;px&quot;,&quot;size&quot;:&quot;&quot;,&quot;sizes&quot;:[]}}\" data-widget_type=\"text-editor.default\">\n\t\t\t\t<div class=\"elementor-widget-container\">\n\t\t\t\t\t\t\t<p>J&rsquo;ai \u00e0 c\u0153ur de faire transpara\u00eetre tout l&rsquo;univers et toutes les valeurs des <b>entreprises, associations ou collectivit\u00e9s<\/b> au travers des couleurs, des formes et des associations d&rsquo;id\u00e9es pour une communication performante et r\u00e9ussie !<\/p><p>Mon exp\u00e9rience dans les <b>domaines techniques et m\u00e9caniques<\/b> me permet de r\u00e9aliser \u00e9galement toutes les notices explicatives, <b>images de synth\u00e8ses 3D avec rendu r\u00e9aliste<\/b> et plans techniques.<\/p><p><br \/><b>Les particuliers<\/b> font \u00e9galement appel \u00e0 mes services pour la <b>cr\u00e9ation de faire-part, tableaux-photos et posters \u00e9l\u00e9gants, raffin\u00e9s et compl\u00e8tement personnalis\u00e9s.<\/b><\/p><p>Afin de pr\u00e9server le temps des diff\u00e9rents responsables de structure et autres demandeurs, je propose de travailler d\u00e8s que possible \u00e0 distance en utilisant les moyens de communications disponibles.<\/p><p>Dans certains cas, il est malgr\u00e9 tout pr\u00e9f\u00e9rable que je me d\u00e9place dans vos locaux pour m&rsquo;impr\u00e9gner au mieux de vos besoins.<\/p>\t\t\t\t\t\t<\/div>\n\t\t\t\t<\/div>\n\t\t\t\t\t<\/div>\n\t\t<\/div>\n\t\t\t\t<div class=\"elementor-column elementor-col-50 elementor-top-column elementor-element elementor-element-55d7cccf elementor-hidden-tablet elementor-hidden-phone\" data-id=\"55d7cccf\" data-element_type=\"column\">\n\t\t\t<div class=\"elementor-widget-wrap\">\n\t\t\t\t\t\t\t\t\t<\/div>\n\t\t<\/div>\n\t\t\t\t\t\t\t<\/div>\n\t\t<\/section>\n\t\t\t\t<section class=\"elementor-section elementor-top-section elementor-element elementor-element-7f2afc6 elementor-section-boxed elementor-section-height-default elementor-section-height-default\" data-id=\"7f2afc6\" data-element_type=\"section\">\n\t\t\t\t\t\t<div class=\"elementor-container elementor-column-gap-default\">\n\t\t\t\t\t<div class=\"elementor-column elementor-col-100 elementor-top-column elementor-element elementor-element-7d44760\" data-id=\"7d44760\" data-element_type=\"column\">\n\t\t\t<div class=\"elementor-widget-wrap elementor-element-populated\">\n\t\t\t\t\t\t\t\t<div class=\"elementor-element elementor-element-bba66ee elementor-align-center elementor-widget elementor-widget-button\" data-id=\"bba66ee\" data-element_type=\"widget\" data-widget_type=\"button.default\">\n\t\t\t\t<div class=\"elementor-widget-container\">\n\t\t\t\t\t<div class=\"elementor-button-wrapper\">\n\t\t\t<a class=\"elementor-button elementor-button-link elementor-size-sm elementor-animation-grow\" href=\"https:\/\/creactiv-graphisme.com\/index.php\/contact\/\">\n\t\t\t\t\t\t<span class=\"elementor-button-content-wrapper\">\n\t\t\t\t\t\t<span class=\"elementor-button-text\">Contact<\/span>\n\t\t<\/span>\n\t\t\t\t\t<\/a>\n\t\t<\/div>\n\t\t\t\t<\/div>\n\t\t\t\t<\/div>\n\t\t\t\t\t<\/div>\n\t\t<\/div>\n\t\t\t\t\t\t\t<\/div>\n\t\t<\/section>\n\t\t\t\t<section class=\"elementor-section elementor-top-section elementor-element elementor-element-9113543 elementor-section-boxed elementor-section-height-default elementor-section-height-default\" data-id=\"9113543\" data-element_type=\"section\">\n\t\t\t\t\t\t<div class=\"elementor-container elementor-column-gap-default\">\n\t\t\t\t\t<div class=\"elementor-column elementor-col-100 elementor-top-column elementor-element elementor-element-686b10a\" data-id=\"686b10a\" data-element_type=\"column\">\n\t\t\t<div class=\"elementor-widget-wrap elementor-element-populated\">\n\t\t\t\t\t\t\t\t<div class=\"elementor-element elementor-element-b61ee87 elementor-widget elementor-widget-image\" data-id=\"b61ee87\" data-element_type=\"widget\" data-widget_type=\"image.default\">\n\t\t\t\t<div class=\"elementor-widget-container\">\n\t\t\t\t\t\t\t\t\t\t\t\t\t\t\t<img decoding=\"async\" src=\"http:\/\/www.creactiv-graphisme.com\/Wordpress\/wp-content\/uploads\/2022\/03\/Logo-CreActiv.png\" title=\"\" alt=\"\" loading=\"lazy\" \/>\t\t\t\t\t\t\t\t\t\t\t\t\t\t\t<\/div>\n\t\t\t\t<\/div>\n\t\t\t\t\t<\/div>\n\t\t<\/div>\n\t\t\t\t\t\t\t<\/div>\n\t\t<\/section>\n\t\t\t\t\t\t\t<\/div>\n\t\t","protected":false},"excerpt":{"rendered":"<p>Accueil Cr\u00e9Activ Graphisme Jos\u00e9 Loyer, graphiste et cr\u00e9ateur publicitaire ind\u00e9pendant. Dessinateur passionn\u00e9, je r\u00e9alise notamment toute communication visuelle, informatique ou imprim\u00e9e\u00a0 (plaquettes, affiches, banderoles&#8230;) Je cr\u00e9e \u00e0 la demande des logos, descriptifs, images de synth\u00e8se et ou 3Dimensions selon les besoins. Je vous conseille d\u00e8s la cr\u00e9ation de votre \u00ab\u00a0charte graphique\u00a0\u00bb. C&rsquo;est-\u00e0-dire l&rsquo;ensemble des couleurs &hellip; <\/p>\n<p class=\"link-more\"><a href=\"https:\/\/creactiv-graphisme.com\/index.php\/presentation\/\" class=\"more-link\">Lire la suite de<span class=\"screen-reader-text\">\u00ab\u00a0Pr\u00e9sentation\u00a0\u00bb<\/span><\/a><\/p>\n","protected":false},"author":3,"featured_media":0,"parent":0,"menu_order":0,"comment_status":"closed","ping_status":"closed","template":"","meta":{"footnotes":""},"class_list":["post-193","page","type-page","status-publish","hentry"],"featured_media_urls":[],"_links":{"self":[{"href":"https:\/\/creactiv-graphisme.com\/index.php\/wp-json\/wp\/v2\/pages\/193","targetHints":{"allow":["GET"]}}],"collection":[{"href":"https:\/\/creactiv-graphisme.com\/index.php\/wp-json\/wp\/v2\/pages"}],"about":[{"href":"https:\/\/creactiv-graphisme.com\/index.php\/wp-json\/wp\/v2\/types\/page"}],"author":[{"embeddable":true,"href":"https:\/\/creactiv-graphisme.com\/index.php\/wp-json\/wp\/v2\/users\/3"}],"replies":[{"embeddable":true,"href":"https:\/\/creactiv-graphisme.com\/index.php\/wp-json\/wp\/v2\/comments?post=193"}],"version-history":[{"count":25,"href":"https:\/\/creactiv-graphisme.com\/index.php\/wp-json\/wp\/v2\/pages\/193\/revisions"}],"predecessor-version":[{"id":1592,"href":"https:\/\/creactiv-graphisme.com\/index.php\/wp-json\/wp\/v2\/pages\/193\/revisions\/1592"}],"wp:attachment":[{"href":"https:\/\/creactiv-graphisme.com\/index.php\/wp-json\/wp\/v2\/media?parent=193"}],"curies":[{"name":"wp","href":"https:\/\/api.w.org\/{rel}","templated":true}]}}