{"id":243,"date":"2022-02-22T16:02:21","date_gmt":"2022-02-22T15:02:21","guid":{"rendered":"http:\/\/www.creactiv-graphisme.com\/Wordpress\/?page_id=243"},"modified":"2022-03-21T22:10:38","modified_gmt":"2022-03-21T21:10:38","slug":"mentions-legales","status":"publish","type":"page","link":"https:\/\/creactiv-graphisme.com\/index.php\/mentions-legales\/","title":{"rendered":"Mentions L\u00e9gales"},"content":{"rendered":"\t\t<div data-elementor-type=\"wp-page\" data-elementor-id=\"243\" class=\"elementor elementor-243\">\n\t\t\t\t\t\t\t\t\t<section class=\"elementor-section elementor-top-section elementor-element elementor-element-a8c6041 elementor-section-boxed elementor-section-height-default elementor-section-height-default\" data-id=\"a8c6041\" data-element_type=\"section\">\n\t\t\t\t\t\t<div class=\"elementor-container elementor-column-gap-default\">\n\t\t\t\t\t<div class=\"elementor-column elementor-col-100 elementor-top-column elementor-element elementor-element-51e1c9a\" data-id=\"51e1c9a\" data-element_type=\"column\">\n\t\t\t<div class=\"elementor-widget-wrap elementor-element-populated\">\n\t\t\t\t\t\t\t\t<div class=\"elementor-element elementor-element-ff3ce3a elementor-align-left elementor-widget elementor-widget-button\" data-id=\"ff3ce3a\" data-element_type=\"widget\" data-widget_type=\"button.default\">\n\t\t\t\t<div class=\"elementor-widget-container\">\n\t\t\t\t\t<div class=\"elementor-button-wrapper\">\n\t\t\t<a class=\"elementor-button elementor-button-link elementor-size-sm elementor-animation-grow\" href=\"https:\/\/www.creactiv-graphisme.com\">\n\t\t\t\t\t\t<span class=\"elementor-button-content-wrapper\">\n\t\t\t\t\t\t<span class=\"elementor-button-icon elementor-align-icon-left\">\n\t\t\t\t<i aria-hidden=\"true\" class=\"fas fa-angle-left\"><\/i>\t\t\t<\/span>\n\t\t\t\t\t\t<span class=\"elementor-button-text\">Accueil Cr\u00e9Activ Graphisme<\/span>\n\t\t<\/span>\n\t\t\t\t\t<\/a>\n\t\t<\/div>\n\t\t\t\t<\/div>\n\t\t\t\t<\/div>\n\t\t\t\t\t<\/div>\n\t\t<\/div>\n\t\t\t\t\t\t\t<\/div>\n\t\t<\/section>\n\t\t\t\t<section class=\"elementor-section elementor-top-section elementor-element elementor-element-ebd3db7 elementor-section-boxed elementor-section-height-default elementor-section-height-default\" data-id=\"ebd3db7\" data-element_type=\"section\">\n\t\t\t\t\t\t<div class=\"elementor-container elementor-column-gap-no\">\n\t\t\t\t\t<div class=\"elementor-column elementor-col-33 elementor-top-column elementor-element elementor-element-b05e925\" data-id=\"b05e925\" data-element_type=\"column\">\n\t\t\t<div class=\"elementor-widget-wrap\">\n\t\t\t\t\t\t\t\t\t<\/div>\n\t\t<\/div>\n\t\t\t\t<div class=\"elementor-column elementor-col-33 elementor-top-column elementor-element elementor-element-36f44488\" data-id=\"36f44488\" data-element_type=\"column\">\n\t\t\t<div class=\"elementor-widget-wrap elementor-element-populated\">\n\t\t\t\t\t\t\t\t<div class=\"elementor-element elementor-element-4eeee9bc elementor-widget elementor-widget-text-editor\" data-id=\"4eeee9bc\" data-element_type=\"widget\" data-widget_type=\"text-editor.default\">\n\t\t\t\t<div class=\"elementor-widget-container\">\n\t\t\t<style>\/*! elementor - v3.16.0 - 09-10-2023 *\/\n.elementor-widget-text-editor.elementor-drop-cap-view-stacked .elementor-drop-cap{background-color:#69727d;color:#fff}.elementor-widget-text-editor.elementor-drop-cap-view-framed .elementor-drop-cap{color:#69727d;border:3px solid;background-color:transparent}.elementor-widget-text-editor:not(.elementor-drop-cap-view-default) .elementor-drop-cap{margin-top:8px}.elementor-widget-text-editor:not(.elementor-drop-cap-view-default) .elementor-drop-cap-letter{width:1em;height:1em}.elementor-widget-text-editor .elementor-drop-cap{float:left;text-align:center;line-height:1;font-size:50px}.elementor-widget-text-editor .elementor-drop-cap-letter{display:inline-block}<\/style>\t\t\t\t<p><strong>Loyer Jos\u00e9<\/strong><\/p><p>444 Route de la Brocherie<br \/>72510 Mansign\u00e9<br \/>06 04 41 15 08<br \/>Siret : 850 621 350 00014<br \/>APE : 1813Z<\/p><p><a href=\"https:\/\/creactiv-graphisme.com\/index.php\/contact\/\">Contact<\/a><\/p><p>&#8211;<\/p><p><strong>Site h\u00e9berg\u00e9 chez OVH<\/strong><\/p><p>Nom de domaine r\u00e9serv\u00e9 sur OVH<\/p><p>2 rue Kellermann<br \/>BP 80157 59053 ROUBAIX CEDEX 1<\/p><p><a href=\"https:\/\/www.ovhcloud.com\/fr\/\">OVH<\/a><\/p><p>Site propuls\u00e9 par WordPress par OVH<\/p><p><a href=\"https:\/\/wordpress.com\/fr\/\">WordPress<\/a><\/p><p>&#8211;<\/p><p class=\"size-18\">Acc\u00e8s au site<\/p><p class=\"size-normal\">L&rsquo;acc\u00e8s au site et son utilisation sont r\u00e9serv\u00e9s \u00e0 un usage strictement personnel. Vous vous engagez \u00e0 ne pas utiliser le site ou ses informations \u00e0 des fins publicitaires, politiques ou toute autre forme de sollicitation commerciale, notamment l&rsquo;envoi de courrier \u00e9lectronique non sollicit\u00e9.<\/p><p>&#8211;<\/p><p class=\"size-18\">Contenu du site<\/p><p class=\"size-normal\">Toutes les marques, photographies, textes, images utilis\u00e9s sur le site et plus g\u00e9n\u00e9ralement tous les \u00e9l\u00e9ments reproduits ou utilis\u00e9s sur le site sont prot\u00e9g\u00e9s par les lois en vigueur au titre de la propri\u00e9t\u00e9 intellectuelle. Ils sont la propri\u00e9t\u00e9 pleine et enti\u00e8re de l&rsquo;\u00e9diteur ou de ses partenaires. Toute reproduction, repr\u00e9sentation, utilisation ou adaptation de quelque forme que ce soit est interdite.<\/p><p>&#8211;<\/p><p class=\"size-18\">Liens hypertextes<\/p><p class=\"size-normal\">La mise en place par les utilisateurs de tous liens hypertextes vers tout ou partie du site est autoris\u00e9e par l&rsquo;\u00e9diteur. Tout lien devra \u00eatre retir\u00e9 sur simple demande de l&rsquo;\u00e9diteur.<\/p><p class=\"size-normal\">Toute information accessible via un lien vers d&rsquo;autres sites n&rsquo;est pas publi\u00e9e par l&rsquo;\u00e9diteur.<\/p><p class=\"size-normal\">L&rsquo;\u00e9diteur ne dispose d&rsquo;aucun droit sur le contenu pr\u00e9sent dans ledit lien.<\/p><p>&#8211;<\/p><p class=\"size-18\">Contactez-nous<\/p><p class=\"size-normal\">Pour toute question, information sur les produits pr\u00e9sent\u00e9s sur le site, ou concernant le site lui-m\u00eame, vous pouvez laisser un message \u00e0 l&rsquo;adresse suivante : j.loyer@creactiv-graphisme.com<\/p>\t\t\t\t\t\t<\/div>\n\t\t\t\t<\/div>\n\t\t\t\t\t<\/div>\n\t\t<\/div>\n\t\t\t\t<div class=\"elementor-column elementor-col-33 elementor-top-column elementor-element elementor-element-762393b1 elementor-hidden-tablet elementor-hidden-phone\" data-id=\"762393b1\" data-element_type=\"column\">\n\t\t\t<div class=\"elementor-widget-wrap\">\n\t\t\t\t\t\t\t\t\t<\/div>\n\t\t<\/div>\n\t\t\t\t\t\t\t<\/div>\n\t\t<\/section>\n\t\t\t\t\t\t\t<\/div>\n\t\t","protected":false},"excerpt":{"rendered":"<p>Accueil Cr\u00e9Activ Graphisme Loyer Jos\u00e9 444 Route de la Brocherie72510 Mansign\u00e906 04 41 15 08Siret : 850 621 350 00014APE : 1813Z Contact &#8211; Site h\u00e9berg\u00e9 chez OVH Nom de domaine r\u00e9serv\u00e9 sur OVH 2 rue KellermannBP 80157 59053 ROUBAIX CEDEX 1 OVH Site propuls\u00e9 par WordPress par OVH WordPress &#8211; Acc\u00e8s au site L&rsquo;acc\u00e8s &hellip; <\/p>\n<p class=\"link-more\"><a href=\"https:\/\/creactiv-graphisme.com\/index.php\/mentions-legales\/\" class=\"more-link\">Lire la suite de<span class=\"screen-reader-text\">\u00ab\u00a0Mentions L\u00e9gales\u00a0\u00bb<\/span><\/a><\/p>\n","protected":false},"author":3,"featured_media":0,"parent":0,"menu_order":0,"comment_status":"closed","ping_status":"closed","template":"","meta":{"footnotes":""},"class_list":["post-243","page","type-page","status-publish","hentry"],"featured_media_urls":[],"_links":{"self":[{"href":"https:\/\/creactiv-graphisme.com\/index.php\/wp-json\/wp\/v2\/pages\/243","targetHints":{"allow":["GET"]}}],"collection":[{"href":"https:\/\/creactiv-graphisme.com\/index.php\/wp-json\/wp\/v2\/pages"}],"about":[{"href":"https:\/\/creactiv-graphisme.com\/index.php\/wp-json\/wp\/v2\/types\/page"}],"author":[{"embeddable":true,"href":"https:\/\/creactiv-graphisme.com\/index.php\/wp-json\/wp\/v2\/users\/3"}],"replies":[{"embeddable":true,"href":"https:\/\/creactiv-graphisme.com\/index.php\/wp-json\/wp\/v2\/comments?post=243"}],"version-history":[{"count":12,"href":"https:\/\/creactiv-graphisme.com\/index.php\/wp-json\/wp\/v2\/pages\/243\/revisions"}],"predecessor-version":[{"id":1542,"href":"https:\/\/creactiv-graphisme.com\/index.php\/wp-json\/wp\/v2\/pages\/243\/revisions\/1542"}],"wp:attachment":[{"href":"https:\/\/creactiv-graphisme.com\/index.php\/wp-json\/wp\/v2\/media?parent=243"}],"curies":[{"name":"wp","href":"https:\/\/api.w.org\/{rel}","templated":true}]}}